{"id":187,"date":"2025-10-08T13:52:28","date_gmt":"2025-10-08T13:52:28","guid":{"rendered":"http:\/\/nueva.gestioiuris.com\/?page_id=187"},"modified":"2025-10-08T14:00:37","modified_gmt":"2025-10-08T14:00:37","slug":"elementor-187","status":"publish","type":"page","link":"https:\/\/gestioiuris.com\/index.php\/elementor-187","title":{"rendered":"Pol\u00edtica de cookies"},"content":{"rendered":"\t\t<div data-elementor-type=\"wp-page\" data-elementor-id=\"187\" class=\"elementor elementor-187\">\n\t\t\t\t<div class=\"elementor-element elementor-element-bdace95 e-flex e-con-boxed e-con e-parent\" data-id=\"bdace95\" data-element_type=\"container\">\n\t\t\t\t\t<div class=\"e-con-inner\">\n\t\t\t\t<div class=\"elementor-element elementor-element-a7de0f3 elementor-widget elementor-widget-text-editor\" data-id=\"a7de0f3\" data-element_type=\"widget\" data-widget_type=\"text-editor.default\">\n\t\t\t\t\t\t\t\t\t<p style=\"text-align: justify;\">El sitio web del prestador puede utilizar cookies (peque\u00f1os archivos de texto que el servidor env\u00eda al ordenador de quien accede a la p\u00e1gina). Se trata de una t\u00e9cnica usada de manera habitual en Internet para llevar a cabo determinadas funciones que son consideradas imprescindibles para el correcto funcionamiento y visualizaci\u00f3n del sitio. Las cookies utilizadas en el sitio web tienen, en todo caso, car\u00e1cter temporal con la \u00fanica finalidad de hacer m\u00e1s eficaz su transmisi\u00f3n ulterior y desaparecen al terminar la sesi\u00f3n del usuario. En ning\u00fan caso se utilizar\u00e1n las cookies para recoger informaci\u00f3n de car\u00e1cter personal.<\/p><p style=\"text-align: justify;\">Desde el sitio web del cliente es posible que se redirija a contenidos de terceros sitios web. Dado que el prestador no puede controlar siempre los contenidos introducidos por los terceros en sus sitios web, \u00e9ste no asume ning\u00fan tipo de responsabilidad respecto a dichos contenidos. En todo caso, el prestador se compromete a la retirada inmediata de cualquier contenido que pudiera contravenir la legislaci\u00f3n nacional o internacional, la moral o el orden p\u00fablico, procediendo a la retirada inmediata de la re-direcci\u00f3n a dicho sitio web, poniendo en conocimiento de las autoridades competentes el contenido en cuesti\u00f3n.<\/p><p>Esta WEB utiliza las siguientes cookies:<\/p><table width=\"655\"><tbody><tr><td><p><strong>Nombre Cookie<\/strong><\/p><\/td><td><p>Duraci\u00f3n\/<strong>Expiraci\u00f3n<\/strong><\/p><\/td><td><p><strong>Prop\u00f3sito<\/strong><\/p><\/td><\/tr><tr><td><p><em>wordpress_test_cookie<\/em><\/p><\/td><td><p>2 a\u00f1os<\/p><\/td><td><p>Esta cookie se usa para que el gestor de contenidos WordPress compruebe si el navegador tiene las cookies activadas.<\/p><\/td><\/tr><tr><td><p>wp-settings-1<\/p><\/td><td><p>2 a\u00f1os<\/p><\/td><td><p>Cookie utilizada por el CMS WordPress para el almacenaje de preferencias de acceso y usuarios.<\/p><\/td><\/tr><tr><td><p>wp-settings-time-1<\/p><\/td><td><p>1 A\u00f1o<\/p><\/td><td><p>Esta cookie se utiliza para personalizar el interfaz de usuario<\/p><\/td><\/tr><tr><td><p>wp-settings-time-2<\/p><\/td><td><p>1 A\u00f1o<\/p><\/td><td><p>Esta cookie se utiliza para personalizar el interfaz de usuario<\/p><\/td><\/tr><tr><td><p>wordpress_logged_in<\/p><\/td><td><p>2 a\u00f1os<\/p><\/td><td><p>Estas cookies almacenan el tiempo que has estado logueado y el n\u00famero de veces, para tu usuario individual almacenado en la BBDD. Se usa para personalizar su vista del panel de administraci\u00f3n de WP y tambi\u00e9n la parte principal del interfaz web si se ha registrado en el site.<\/p><\/td><\/tr><\/tbody><\/table><p>Cookies de sesi\u00f3n para garantizar que los comentarios son escritos por humanos y no por m\u00e1quinas. De esta forma combatimos el spam. Estas cookies se eliminan al cerrar la sesi\u00f3n.<\/p><p>De an\u00e1lisis de accesos a trav\u00e9s de Google Analytics para obtener estad\u00edsticas sobre la navegaci\u00f3n en la p\u00e1gina.<\/p><p>De redes sociales, cada red utiliza sus propias cookies para los botones me gusta y compartir.<\/p><p>Si usted desea desactivar las cookies almacenadas en su ordenador puede hacerlo desde el mismo navegador. Cada navegador utiliza diferentes sistemas de eliminaci\u00f3n de cookies, acceda a la documentaci\u00f3n del navegador que utilice para saber c\u00f3mo eliminarlas.<\/p><p>\u00a0<\/p>\t\t\t\t\t\t\t\t<\/div>\n\t\t\t\t\t<\/div>\n\t\t\t\t<\/div>\n\t\t\t\t<\/div>\n\t\t","protected":false},"excerpt":{"rendered":"<p>El sitio web del prestador puede utilizar cookies (peque\u00f1os archivos de texto que el servidor env\u00eda al ordenador de quien accede a la p\u00e1gina). Se trata de una t\u00e9cnica usada de manera habitual en Internet para llevar a cabo determinadas funciones que son consideradas imprescindibles para el correcto funcionamiento y visualizaci\u00f3n del sitio. Las cookies [&hellip;]<\/p>\n","protected":false},"author":1,"featured_media":0,"parent":0,"menu_order":0,"comment_status":"closed","ping_status":"closed","template":"","meta":{"footnotes":""},"class_list":["post-187","page","type-page","status-publish","hentry"],"_links":{"self":[{"href":"https:\/\/gestioiuris.com\/index.php\/wp-json\/wp\/v2\/pages\/187","targetHints":{"allow":["GET"]}}],"collection":[{"href":"https:\/\/gestioiuris.com\/index.php\/wp-json\/wp\/v2\/pages"}],"about":[{"href":"https:\/\/gestioiuris.com\/index.php\/wp-json\/wp\/v2\/types\/page"}],"author":[{"embeddable":true,"href":"https:\/\/gestioiuris.com\/index.php\/wp-json\/wp\/v2\/users\/1"}],"replies":[{"embeddable":true,"href":"https:\/\/gestioiuris.com\/index.php\/wp-json\/wp\/v2\/comments?post=187"}],"version-history":[{"count":8,"href":"https:\/\/gestioiuris.com\/index.php\/wp-json\/wp\/v2\/pages\/187\/revisions"}],"predecessor-version":[{"id":211,"href":"https:\/\/gestioiuris.com\/index.php\/wp-json\/wp\/v2\/pages\/187\/revisions\/211"}],"wp:attachment":[{"href":"https:\/\/gestioiuris.com\/index.php\/wp-json\/wp\/v2\/media?parent=187"}],"curies":[{"name":"wp","href":"https:\/\/api.w.org\/{rel}","templated":true}]}}