{"id":29,"date":"2025-10-08T09:22:08","date_gmt":"2025-10-08T09:22:08","guid":{"rendered":"http:\/\/nueva.gestioiuris.com\/index.php\/services"},"modified":"2025-10-09T17:28:33","modified_gmt":"2025-10-09T17:28:33","slug":"servicos","status":"publish","type":"page","link":"https:\/\/gestioiuris.com\/index.php\/servicos","title":{"rendered":"Servicos"},"content":{"rendered":"\t\t<div data-elementor-type=\"wp-page\" data-elementor-id=\"29\" class=\"elementor elementor-29\">\n\t\t\t\t<div class=\"elementor-element elementor-element-79337ab3 e-flex e-con-boxed e-con e-parent\" data-id=\"79337ab3\" data-element_type=\"container\">\n\t\t\t\t\t<div class=\"e-con-inner\">\n\t\t\t\t<div class=\"elementor-element elementor-element-194f2976 elementor-widget elementor-widget-heading\" data-id=\"194f2976\" data-element_type=\"widget\" data-widget_type=\"heading.default\">\n\t\t\t\t\t<h1 class=\"elementor-heading-title elementor-size-default\">DESCUBRE NUESTROS SERVICIOS\n<\/h1>\t\t\t\t<\/div>\n\t\t\t\t<div class=\"elementor-element elementor-element-47d860d6 elementor-widget-divider--view-line elementor-widget elementor-widget-divider\" data-id=\"47d860d6\" data-element_type=\"widget\" data-widget_type=\"divider.default\">\n\t\t\t\t\t\t\t<div class=\"elementor-divider\">\n\t\t\t<span class=\"elementor-divider-separator\">\n\t\t\t\t\t\t<\/span>\n\t\t<\/div>\n\t\t\t\t\t\t<\/div>\n\t\t\t\t<div class=\"elementor-element elementor-element-647280b7 elementor-widget__width-initial elementor-widget-tablet__width-initial elementor-widget elementor-widget-heading\" data-id=\"647280b7\" data-element_type=\"widget\" data-widget_type=\"heading.default\">\n\t\t\t\t\t<h5 class=\"elementor-heading-title elementor-size-default\">PARA UN GESTI\u00d3N EFICAZ DE REDES DE PROFESIONALES<\/h5>\t\t\t\t<\/div>\n\t\t\t\t\t<\/div>\n\t\t\t\t<\/div>\n\t\t<div class=\"elementor-element elementor-element-7e361ef8 e-flex e-con-boxed e-con e-parent\" data-id=\"7e361ef8\" data-element_type=\"container\" id=\"service1\">\n\t\t\t\t\t<div class=\"e-con-inner\">\n\t\t<div class=\"elementor-element elementor-element-132928fd e-con-full e-flex e-con e-child\" data-id=\"132928fd\" data-element_type=\"container\">\n\t\t\t\t<div class=\"elementor-element elementor-element-20419fb elementor-view-framed elementor-shape-circle elementor-widget elementor-widget-icon\" data-id=\"20419fb\" data-element_type=\"widget\" data-widget_type=\"icon.default\">\n\t\t\t\t\t\t\t<div class=\"elementor-icon-wrapper\">\n\t\t\t<div class=\"elementor-icon\">\n\t\t\t<svg aria-hidden=\"true\" class=\"e-font-icon-svg e-fab-simplybuilt\" viewBox=\"0 0 512 512\" xmlns=\"http:\/\/www.w3.org\/2000\/svg\"><path d=\"M481.2 64h-106c-14.5 0-26.6 11.8-26.6 26.3v39.6H163.3V90.3c0-14.5-12-26.3-26.6-26.3h-106C16.1 64 4.3 75.8 4.3 90.3v331.4c0 14.5 11.8 26.3 26.6 26.3h450.4c14.8 0 26.6-11.8 26.6-26.3V90.3c-.2-14.5-12-26.3-26.7-26.3zM149.8 355.8c-36.6 0-66.4-29.7-66.4-66.4 0-36.9 29.7-66.6 66.4-66.6 36.9 0 66.6 29.7 66.6 66.6 0 36.7-29.7 66.4-66.6 66.4zm212.4 0c-36.9 0-66.6-29.7-66.6-66.6 0-36.6 29.7-66.4 66.6-66.4 36.6 0 66.4 29.7 66.4 66.4 0 36.9-29.8 66.6-66.4 66.6z\"><\/path><\/svg>\t\t\t<\/div>\n\t\t<\/div>\n\t\t\t\t\t\t<\/div>\n\t\t\t\t<div class=\"elementor-element elementor-element-7f0d478e elementor-widget elementor-widget-text-editor\" data-id=\"7f0d478e\" data-element_type=\"widget\" data-widget_type=\"text-editor.default\">\n\t\t\t\t\t\t\t\t\t<p style=\"text-align: center;\"><span style=\"font-family: Lora; font-weight: normal; font-size: medium;\">Simplificaci\u00f3n administrativa y optimizaci\u00f3n de los costes.\u00a0Control y seguimiento de facturaci\u00f3n de servicios. <\/span><\/p>\t\t\t\t\t\t\t\t<\/div>\n\t\t\t\t<\/div>\n\t\t<div class=\"elementor-element elementor-element-3a22c20 e-con-full e-flex e-con e-child\" data-id=\"3a22c20\" data-element_type=\"container\">\n\t\t\t\t<div class=\"elementor-element elementor-element-d5bcae8 elementor-view-framed elementor-shape-circle elementor-widget elementor-widget-icon\" data-id=\"d5bcae8\" data-element_type=\"widget\" data-widget_type=\"icon.default\">\n\t\t\t\t\t\t\t<div class=\"elementor-icon-wrapper\">\n\t\t\t<div class=\"elementor-icon\">\n\t\t\t<svg aria-hidden=\"true\" class=\"e-font-icon-svg e-fas-portrait\" viewBox=\"0 0 384 512\" xmlns=\"http:\/\/www.w3.org\/2000\/svg\"><path d=\"M336 0H48C21.5 0 0 21.5 0 48v416c0 26.5 21.5 48 48 48h288c26.5 0 48-21.5 48-48V48c0-26.5-21.5-48-48-48zM192 128c35.3 0 64 28.7 64 64s-28.7 64-64 64-64-28.7-64-64 28.7-64 64-64zm112 236.8c0 10.6-10 19.2-22.4 19.2H102.4C90 384 80 375.4 80 364.8v-19.2c0-31.8 30.1-57.6 67.2-57.6h5c12.3 5.1 25.7 8 39.8 8s27.6-2.9 39.8-8h5c37.1 0 67.2 25.8 67.2 57.6v19.2z\"><\/path><\/svg>\t\t\t<\/div>\n\t\t<\/div>\n\t\t\t\t\t\t<\/div>\n\t\t\t\t<div class=\"elementor-element elementor-element-9a8bb81 elementor-widget elementor-widget-text-editor\" data-id=\"9a8bb81\" data-element_type=\"widget\" data-widget_type=\"text-editor.default\">\n\t\t\t\t\t\t\t\t\t<div class=\"et_pb_blurb_description\"><p style=\"text-align: center;\"><span style=\"font-family: Lora; font-weight: normal; font-size: medium;\">Control y gesti\u00f3n unificada de redes de profesionales e incidencias con los mismos a trav\u00e9s de\u00a0<\/span><span style=\"font-size: 16px; font-family: Lora;\">redes propias o de terceros.<\/span><\/p><\/div><p>\u00a0<\/p>\t\t\t\t\t\t\t\t<\/div>\n\t\t\t\t<\/div>\n\t\t<div class=\"elementor-element elementor-element-cff103e e-con-full e-flex e-con e-child\" data-id=\"cff103e\" data-element_type=\"container\">\n\t\t\t\t<div class=\"elementor-element elementor-element-886aa5c elementor-view-framed elementor-shape-circle elementor-widget elementor-widget-icon\" data-id=\"886aa5c\" data-element_type=\"widget\" data-widget_type=\"icon.default\">\n\t\t\t\t\t\t\t<div class=\"elementor-icon-wrapper\">\n\t\t\t<div class=\"elementor-icon\">\n\t\t\t<svg aria-hidden=\"true\" class=\"e-font-icon-svg e-fas-search-plus\" viewBox=\"0 0 512 512\" xmlns=\"http:\/\/www.w3.org\/2000\/svg\"><path d=\"M304 192v32c0 6.6-5.4 12-12 12h-56v56c0 6.6-5.4 12-12 12h-32c-6.6 0-12-5.4-12-12v-56h-56c-6.6 0-12-5.4-12-12v-32c0-6.6 5.4-12 12-12h56v-56c0-6.6 5.4-12 12-12h32c6.6 0 12 5.4 12 12v56h56c6.6 0 12 5.4 12 12zm201 284.7L476.7 505c-9.4 9.4-24.6 9.4-33.9 0L343 405.3c-4.5-4.5-7-10.6-7-17V372c-35.3 27.6-79.7 44-128 44C93.1 416 0 322.9 0 208S93.1 0 208 0s208 93.1 208 208c0 48.3-16.4 92.7-44 128h16.3c6.4 0 12.5 2.5 17 7l99.7 99.7c9.3 9.4 9.3 24.6 0 34zM344 208c0-75.2-60.8-136-136-136S72 132.8 72 208s60.8 136 136 136 136-60.8 136-136z\"><\/path><\/svg>\t\t\t<\/div>\n\t\t<\/div>\n\t\t\t\t\t\t<\/div>\n\t\t\t\t<div class=\"elementor-element elementor-element-abeefb3 elementor-widget elementor-widget-text-editor\" data-id=\"abeefb3\" data-element_type=\"widget\" data-widget_type=\"text-editor.default\">\n\t\t\t\t\t\t\t\t\t<div class=\"et_pb_main_blurb_image\" style=\"text-align: center;\">\u00a0C<span style=\"font-family: Lora; font-weight: normal; font-size: medium;\">ontrol y monitorizaci\u00f3n de los procedimientos.<\/span><\/div><div class=\"et_pb_blurb_container\"><div class=\"et_pb_blurb_description\" style=\"text-align: center;\"><p style=\"text-align: center;\"><span style=\"font-size: 16px; font-family: Lora;\">Centralizaci\u00f3n de informaci\u00f3n procesal y administrativa destinada grandes clientes.<\/span><\/p><\/div><\/div>\t\t\t\t\t\t\t\t<\/div>\n\t\t\t\t<\/div>\n\t\t\t\t\t<\/div>\n\t\t\t\t<\/div>\n\t\t<div class=\"elementor-element elementor-element-ddb73c2 e-flex e-con-boxed e-con e-parent\" data-id=\"ddb73c2\" data-element_type=\"container\">\n\t\t\t\t\t<div class=\"e-con-inner\">\n\t\t<div class=\"elementor-element elementor-element-23d49f7 e-con-full e-flex e-con e-child\" data-id=\"23d49f7\" data-element_type=\"container\">\n\t\t\t\t<div class=\"elementor-element elementor-element-7ba1d3c elementor-view-framed elementor-shape-circle elementor-widget elementor-widget-icon\" data-id=\"7ba1d3c\" data-element_type=\"widget\" data-widget_type=\"icon.default\">\n\t\t\t\t\t\t\t<div class=\"elementor-icon-wrapper\">\n\t\t\t<div class=\"elementor-icon\">\n\t\t\t<svg aria-hidden=\"true\" class=\"e-font-icon-svg e-fas-satellite-dish\" viewBox=\"0 0 512 512\" xmlns=\"http:\/\/www.w3.org\/2000\/svg\"><path d=\"M305.44954,462.59c7.39157,7.29792,6.18829,20.09661-3.00038,25.00356-77.713,41.80281-176.72559,29.9105-242.34331-35.7082C-5.49624,386.28227-17.404,287.362,24.41381,209.554c4.89125-9.095,17.68975-10.29834,25.00318-3.00043L166.22872,323.36708l27.39411-27.39452c-.68759-2.60974-1.594-5.00071-1.594-7.81361a32.00407,32.00407,0,1,1,32.00407,32.00455c-2.79723,0-5.20378-.89075-7.79786-1.594l-27.40974,27.41015ZM511.9758,303.06732a16.10336,16.10336,0,0,1-16.002,17.00242H463.86031a15.96956,15.96956,0,0,1-15.89265-15.00213C440.46671,175.5492,336.45348,70.53427,207.03078,63.53328a15.84486,15.84486,0,0,1-15.00191-15.90852V16.02652A16.09389,16.09389,0,0,1,209.031.02425C372.25491,8.61922,503.47472,139.841,511.9758,303.06732Zm-96.01221-.29692a16.21093,16.21093,0,0,1-16.11142,17.29934H367.645a16.06862,16.06862,0,0,1-15.89265-14.70522c-6.90712-77.01094-68.118-138.91037-144.92467-145.22376a15.94,15.94,0,0,1-14.79876-15.89289V112.13393a16.134,16.134,0,0,1,17.29908-16.096C319.45132,104.5391,407.55627,192.64538,415.96359,302.7704Z\"><\/path><\/svg>\t\t\t<\/div>\n\t\t<\/div>\n\t\t\t\t\t\t<\/div>\n\t\t\t\t<div class=\"elementor-element elementor-element-9a29e92 elementor-widget elementor-widget-text-editor\" data-id=\"9a29e92\" data-element_type=\"widget\" data-widget_type=\"text-editor.default\">\n\t\t\t\t\t\t\t\t\t<p style=\"text-align: center;\"><span style=\"font-family: Lora; font-weight: normal; font-size: medium;\">Centralizaci\u00f3n de comunicaciones y coordinaci\u00f3n de las redes de profesionales de grandes corporaciones.<\/span><\/p>\t\t\t\t\t\t\t\t<\/div>\n\t\t\t\t<\/div>\n\t\t<div class=\"elementor-element elementor-element-e95a7b4 e-con-full e-flex e-con e-child\" data-id=\"e95a7b4\" data-element_type=\"container\">\n\t\t\t\t<div class=\"elementor-element elementor-element-aa936b6 elementor-view-framed elementor-shape-circle elementor-widget elementor-widget-icon\" data-id=\"aa936b6\" data-element_type=\"widget\" data-widget_type=\"icon.default\">\n\t\t\t\t\t\t\t<div class=\"elementor-icon-wrapper\">\n\t\t\t<div class=\"elementor-icon\">\n\t\t\t<svg aria-hidden=\"true\" class=\"e-font-icon-svg e-far-edit\" viewBox=\"0 0 576 512\" xmlns=\"http:\/\/www.w3.org\/2000\/svg\"><path d=\"M402.3 344.9l32-32c5-5 13.7-1.5 13.7 5.7V464c0 26.5-21.5 48-48 48H48c-26.5 0-48-21.5-48-48V112c0-26.5 21.5-48 48-48h273.5c7.1 0 10.7 8.6 5.7 13.7l-32 32c-1.5 1.5-3.5 2.3-5.7 2.3H48v352h352V350.5c0-2.1.8-4.1 2.3-5.6zm156.6-201.8L296.3 405.7l-90.4 10c-26.2 2.9-48.5-19.2-45.6-45.6l10-90.4L432.9 17.1c22.9-22.9 59.9-22.9 82.7 0l43.2 43.2c22.9 22.9 22.9 60 .1 82.8zM460.1 174L402 115.9 216.2 301.8l-7.3 65.3 65.3-7.3L460.1 174zm64.8-79.7l-43.2-43.2c-4.1-4.1-10.8-4.1-14.8 0L436 82l58.1 58.1 30.9-30.9c4-4.2 4-10.8-.1-14.9z\"><\/path><\/svg>\t\t\t<\/div>\n\t\t<\/div>\n\t\t\t\t\t\t<\/div>\n\t\t\t\t<div class=\"elementor-element elementor-element-68ba848 elementor-widget elementor-widget-text-editor\" data-id=\"68ba848\" data-element_type=\"widget\" data-widget_type=\"text-editor.default\">\n\t\t\t\t\t\t\t\t\t<p style=\"text-align: center;\"><span style=\"font-family: Lora; font-weight: normal; font-size: medium;\">Servicios estad\u00edsticos, control y reportings automatizados y espec\u00edficos para cada cliente.<\/span><\/p>\t\t\t\t\t\t\t\t<\/div>\n\t\t\t\t<\/div>\n\t\t<div class=\"elementor-element elementor-element-f3ee9f0 e-con-full e-flex e-con e-child\" data-id=\"f3ee9f0\" data-element_type=\"container\">\n\t\t\t\t<div class=\"elementor-element elementor-element-4bfcd39 elementor-view-framed elementor-shape-circle elementor-widget elementor-widget-icon\" data-id=\"4bfcd39\" data-element_type=\"widget\" data-widget_type=\"icon.default\">\n\t\t\t\t\t\t\t<div class=\"elementor-icon-wrapper\">\n\t\t\t<div class=\"elementor-icon\">\n\t\t\t<svg aria-hidden=\"true\" class=\"e-font-icon-svg e-fas-award\" viewBox=\"0 0 384 512\" xmlns=\"http:\/\/www.w3.org\/2000\/svg\"><path d=\"M97.12 362.63c-8.69-8.69-4.16-6.24-25.12-11.85-9.51-2.55-17.87-7.45-25.43-13.32L1.2 448.7c-4.39 10.77 3.81 22.47 15.43 22.03l52.69-2.01L105.56 507c8 8.44 22.04 5.81 26.43-4.96l52.05-127.62c-10.84 6.04-22.87 9.58-35.31 9.58-19.5 0-37.82-7.59-51.61-21.37zM382.8 448.7l-45.37-111.24c-7.56 5.88-15.92 10.77-25.43 13.32-21.07 5.64-16.45 3.18-25.12 11.85-13.79 13.78-32.12 21.37-51.62 21.37-12.44 0-24.47-3.55-35.31-9.58L252 502.04c4.39 10.77 18.44 13.4 26.43 4.96l36.25-38.28 52.69 2.01c11.62.44 19.82-11.27 15.43-22.03zM263 340c15.28-15.55 17.03-14.21 38.79-20.14 13.89-3.79 24.75-14.84 28.47-28.98 7.48-28.4 5.54-24.97 25.95-45.75 10.17-10.35 14.14-25.44 10.42-39.58-7.47-28.38-7.48-24.42 0-52.83 3.72-14.14-.25-29.23-10.42-39.58-20.41-20.78-18.47-17.36-25.95-45.75-3.72-14.14-14.58-25.19-28.47-28.98-27.88-7.61-24.52-5.62-44.95-26.41-10.17-10.35-25-14.4-38.89-10.61-27.87 7.6-23.98 7.61-51.9 0-13.89-3.79-28.72.25-38.89 10.61-20.41 20.78-17.05 18.8-44.94 26.41-13.89 3.79-24.75 14.84-28.47 28.98-7.47 28.39-5.54 24.97-25.95 45.75-10.17 10.35-14.15 25.44-10.42 39.58 7.47 28.36 7.48 24.4 0 52.82-3.72 14.14.25 29.23 10.42 39.59 20.41 20.78 18.47 17.35 25.95 45.75 3.72 14.14 14.58 25.19 28.47 28.98C104.6 325.96 106.27 325 121 340c13.23 13.47 33.84 15.88 49.74 5.82a39.676 39.676 0 0 1 42.53 0c15.89 10.06 36.5 7.65 49.73-5.82zM97.66 175.96c0-53.03 42.24-96.02 94.34-96.02s94.34 42.99 94.34 96.02-42.24 96.02-94.34 96.02-94.34-42.99-94.34-96.02z\"><\/path><\/svg>\t\t\t<\/div>\n\t\t<\/div>\n\t\t\t\t\t\t<\/div>\n\t\t\t\t<div class=\"elementor-element elementor-element-d98a1d8 elementor-widget elementor-widget-text-editor\" data-id=\"d98a1d8\" data-element_type=\"widget\" data-widget_type=\"text-editor.default\">\n\t\t\t\t\t\t\t\t\t<p style=\"text-align: center;\"><span style=\"font-family: Lora; font-weight: normal; font-size: medium;\">Simplificaci\u00f3n administrativa y optimizaci\u00f3n de los costes.\u00a0Control y seguimiento de facturaci\u00f3n de servicios. <\/span><\/p>\t\t\t\t\t\t\t\t<\/div>\n\t\t\t\t<\/div>\n\t\t\t\t\t<\/div>\n\t\t\t\t<\/div>\n\t\t<div class=\"elementor-element elementor-element-7868886 e-flex e-con-boxed e-con e-parent\" data-id=\"7868886\" data-element_type=\"container\">\n\t\t\t\t\t<div class=\"e-con-inner\">\n\t\t\t\t<div class=\"elementor-element elementor-element-40e9be10 elementor-widget elementor-widget-heading\" data-id=\"40e9be10\" data-element_type=\"widget\" data-widget_type=\"heading.default\">\n\t\t\t\t\t<h2 class=\"elementor-heading-title elementor-size-default\">Prueba nuestros servicios<\/h2>\t\t\t\t<\/div>\n\t\t\t\t<div class=\"elementor-element elementor-element-9dc919a elementor-widget__width-initial elementor-widget elementor-widget-text-editor\" data-id=\"9dc919a\" data-element_type=\"widget\" data-widget_type=\"text-editor.default\">\n\t\t\t\t\t\t\t\t\t<p><span style=\"font-family: Lora; font-weight: normal; font-size: large;\">Contamos con un equipo propio donde tu eres el centro de nuestra actividad<\/span><\/p>\t\t\t\t\t\t\t\t<\/div>\n\t\t\t\t<div class=\"elementor-element elementor-element-1d354ac1 elementor-align-center elementor-invisible elementor-widget elementor-widget-button\" data-id=\"1d354ac1\" data-element_type=\"widget\" data-settings=\"{&quot;_animation&quot;:&quot;fadeInDown&quot;}\" data-widget_type=\"button.default\">\n\t\t\t\t\t\t\t\t\t\t<a class=\"elementor-button elementor-button-link elementor-size-sm\" href=\"http:\/\/gestioiuris.com\/index.php\/contacto\">\n\t\t\t\t\t\t<span class=\"elementor-button-content-wrapper\">\n\t\t\t\t\t\t\t\t\t<span class=\"elementor-button-text\">Cont\u00e1ctanos<\/span>\n\t\t\t\t\t<\/span>\n\t\t\t\t\t<\/a>\n\t\t\t\t\t\t\t\t<\/div>\n\t\t\t\t\t<\/div>\n\t\t\t\t<\/div>\n\t\t\t\t<\/div>\n\t\t","protected":false},"excerpt":{"rendered":"<p>DESCUBRE NUESTROS SERVICIOS PARA UN GESTI\u00d3N EFICAZ DE REDES DE PROFESIONALES Simplificaci\u00f3n administrativa y optimizaci\u00f3n de los costes.\u00a0Control y seguimiento de facturaci\u00f3n de servicios. Control y gesti\u00f3n unificada de redes de profesionales e incidencias con los mismos a trav\u00e9s de\u00a0redes propias o de terceros. \u00a0 \u00a0Control y monitorizaci\u00f3n de los procedimientos. Centralizaci\u00f3n de informaci\u00f3n procesal [&hellip;]<\/p>\n","protected":false},"author":1,"featured_media":32,"parent":0,"menu_order":0,"comment_status":"closed","ping_status":"closed","template":"elementor_header_footer","meta":{"footnotes":""},"class_list":["post-29","page","type-page","status-publish","has-post-thumbnail","hentry"],"_links":{"self":[{"href":"https:\/\/gestioiuris.com\/index.php\/wp-json\/wp\/v2\/pages\/29","targetHints":{"allow":["GET"]}}],"collection":[{"href":"https:\/\/gestioiuris.com\/index.php\/wp-json\/wp\/v2\/pages"}],"about":[{"href":"https:\/\/gestioiuris.com\/index.php\/wp-json\/wp\/v2\/types\/page"}],"author":[{"embeddable":true,"href":"https:\/\/gestioiuris.com\/index.php\/wp-json\/wp\/v2\/users\/1"}],"replies":[{"embeddable":true,"href":"https:\/\/gestioiuris.com\/index.php\/wp-json\/wp\/v2\/comments?post=29"}],"version-history":[{"count":17,"href":"https:\/\/gestioiuris.com\/index.php\/wp-json\/wp\/v2\/pages\/29\/revisions"}],"predecessor-version":[{"id":273,"href":"https:\/\/gestioiuris.com\/index.php\/wp-json\/wp\/v2\/pages\/29\/revisions\/273"}],"wp:featuredmedia":[{"embeddable":true,"href":"https:\/\/gestioiuris.com\/index.php\/wp-json\/wp\/v2\/media\/32"}],"wp:attachment":[{"href":"https:\/\/gestioiuris.com\/index.php\/wp-json\/wp\/v2\/media?parent=29"}],"curies":[{"name":"wp","href":"https:\/\/api.w.org\/{rel}","templated":true}]}}