{"id":3,"date":"2025-10-08T08:33:15","date_gmt":"2025-10-08T08:33:15","guid":{"rendered":"http:\/\/nueva.gestioiuris.com\/\/?page_id=3"},"modified":"2025-10-08T13:56:29","modified_gmt":"2025-10-08T13:56:29","slug":"politica-de-privacidad","status":"publish","type":"page","link":"https:\/\/gestioiuris.com\/index.php\/politica-de-privacidad","title":{"rendered":"Politica de privacidad"},"content":{"rendered":"\t\t<div data-elementor-type=\"wp-page\" data-elementor-id=\"3\" class=\"elementor elementor-3\">\n\t\t\t\t<div class=\"elementor-element elementor-element-195c96c5 e-flex e-con-boxed e-con e-parent\" data-id=\"195c96c5\" data-element_type=\"container\">\n\t\t\t\t\t<div class=\"e-con-inner\">\n\t\t\t\t<div class=\"elementor-element elementor-element-4340f4d0 elementor-widget elementor-widget-text-editor\" data-id=\"4340f4d0\" data-element_type=\"widget\" data-widget_type=\"text-editor.default\">\n\t\t\t\t\t\t\t\t\t<div class=\"et_pb_text et_pb_module et_pb_bg_layout_light et_pb_text_align_left  et_pb_text_0\">\n<div class=\"et_pb_text_inner\">\n<p style=\"text-align: left;\">A trav\u00e9s de este documento se regula el tratamiento de los datos personales facilitados por los usuarios, visitantes e interesados en los servicios ofrecidos por este portal (el \u201cSitio Web\u201d). Puedes consultar la informaci\u00f3n relativa a la sociedad que gestiona el Sitio Web (la \u201cSOCIEDAD\u201d) visitando al Aviso Legal que aparece al pie de la p\u00e1gina principal.<\/p>\n<p><strong>CONTENIDO Y ACEPTACI\u00d3N DE LA POL\u00cdTICA DE PRIVACIDAD<\/strong><br \/>La presente Pol\u00edtica de Privacidad tiene por objeto dar a conocer el modo en que se recaban, tratan y protegen los datos de car\u00e1cter personal a los que se accede por los servicios asociados con este Sitio Web, a fin de que determines libre y voluntariamente si deseas facilitar tus datos personales a trav\u00e9s de los formularios habilitados al efecto. Asimismo, la Pol\u00edtica de Privacidad regula el tratamiento de los datos personales facilitados en el pasado por ti a trav\u00e9s de otras v\u00edas ajenas al Sitio Web, o los que puedas facilitar en el futuro con remisi\u00f3n a la presente Pol\u00edtica, siempre en la medida en que no contradiga lo expresamente aceptado por ti en el momento de facilitar los datos, que ser\u00e1 respetado en todo caso.<br \/>Adem\u00e1s, se te proporcionar\u00e1n los recursos t\u00e9cnicos adecuados para que, con car\u00e1cter previo a la cumplimentaci\u00f3n de los datos personales, pod\u00e1is acceder a esta Pol\u00edtica de Privacidad y a cualquier otra informaci\u00f3n relevante en materia de Protecci\u00f3n de Datos de Car\u00e1cter Personal.<br \/>El acceso y uso del Sitio Web implica que aceptas en su totalidad y te obligas a cumplir por completo los t\u00e9rminos y condiciones recogidos en la presente Pol\u00edtica de Privacidad, as\u00ed como en las disposiciones contenidas en el Aviso Legal y Condiciones de Uso, la Pol\u00edtica de Cookies y, en su caso, las Condiciones Generales o Particulares de Contrataci\u00f3n de cualesquiera otros servicios; configur\u00e1ndose los citados documentos en su conjunto como los Textos Legales aplicables. Puedes encontrar los enlaces correspondientes al pie de la p\u00e1gina principal. La prestaci\u00f3n del servicio del Sitio Web tiene una duraci\u00f3n limitada al momento en el que te encuentres conectado en su caso al Sitio Web o alguno de los servicios que a trav\u00e9s del mismo se facilitan; por tanto, debes leer atentamente dichos Textos Legales en cada una de las ocasiones en que te propongas utilizar el Sitio Web, ya que \u00e9stos pueden sufrir modificaciones en funci\u00f3n de novedades o exigencias legislativas y jurisprudenciales o por necesidades de negocio.<br \/>La presente Pol\u00edtica de Privacidad ser\u00e1 v\u00e1lida para los datos de car\u00e1cter personal obtenidos para este Sitio Web u otros servicios de la SOCIEDAD<\/p>\n<p style=\"text-align: left;\"><strong>RESPONSABLES DE LOS FICHEROS Y RECOGIDA DE LOS DATOS DE CAR\u00c1CTER PERSONAL<\/strong><\/p>\n<p>En cumplimiento con lo dispuesto en la Ley Org\u00e1nica 15\/1999, de 13 de diciembre, de Protecci\u00f3n de Datos de Car\u00e1cter Personal y su normativa de desarrollo, ponemos en tu conocimiento que los datos recabados a trav\u00e9s de cualesquiera formularios de recogida de datos del Sitio Web ser\u00e1n incorporados a un fichero de datos de car\u00e1cter personal titularidad, respectivamente, de la SOCIEDAD.<\/p>\n<p>En el contexto de los tratamientos que se describen a continuaci\u00f3n, es posible que suministres datos de car\u00e1cter personal relativos a terceros. En este sentido, es tu responsabilidad informar de tal circunstancia a los terceros cuyos datos nos vas a ceder, as\u00ed como, en caso de ser necesario, obtener su consentimiento expreso para suministrarnos dicha informaci\u00f3n.<br \/>La SOCIEDAD garantiza su compromiso con el cumplimiento de la normativa aplicable en protecci\u00f3n de datos y sociedad de la informaci\u00f3n.<\/p>\n<p><strong>DESCRIPCI\u00d3N DE LOS TRATAMIENTOS DE DATOS QUE SE REALIZAN A TRAV\u00c9S DEL SITIO WEB<\/strong><\/p>\n<p>Tratamientos de datos por la SOCIEDAD<br \/>La SOCIEDAD podr\u00e1 tratar tus datos de car\u00e1cter personal de acuerdo con las siguientes finalidades, en funci\u00f3n del formulario completado en cada caso:<br \/>\u2022 Gestionar tu navegaci\u00f3n a trav\u00e9s del Sitio Web.<br \/>\u2022 Gestionar tu registro de usuario e identificarte como \u201cusuario registrado\u201d<br \/>\u2022 Realizar estudios estad\u00edsticos y de gesti\u00f3n de perfiles, depurando y cualificando dichos perfiles con el estudio de la navegaci\u00f3n de los usuarios obtenida a trav\u00e9s de la instalaci\u00f3n de cookies, de conformidad con lo establecido en nuestra Pol\u00edtica de Cookies.<br \/>\u2022 Gestionar el cumplimiento, mantenimiento, desarrollo y control de las cualesquiera relaciones que la SOCIEDAD mantenga contigo.<br \/>\u2022 Cualquier otra finalidad que sea espec\u00edficamente reflejada en las correspondientes leyendas y\/o condiciones particulares del formulario de recogida de datos, a fin de atender los distintos tipos de relaciones que pueda mantener contigo en funci\u00f3n de cada caso.<br \/>.<\/p>\n<p><strong>COOKIES<\/strong><br \/>Al igual que otros portales de Internet, el Sitio Web utiliza una tecnolog\u00eda denominada \u201ccookies\u201d para recabar informaci\u00f3n sobre la forma de utilizaci\u00f3n del Sitio Web. Si deseas obtener informaci\u00f3n detallada sobre c\u00f3mo la SOCIEDAD utiliza las cookies, puedes consultar aqu\u00ed la Pol\u00edtica de Cookies, o pinchar en cualquier momento en el enlace que aparece al pie de la p\u00e1gina principal.<\/p>\n<p><strong>CESI\u00d3N DE DATOS PERSONALES<\/strong><br \/>No comunicaremos tus datos de car\u00e1cter personal a terceras empresas sin recabar tu previo consentimiento, salvo que la cesi\u00f3n de tus datos fuese necesaria para la prestaci\u00f3n del servicio o para el mantenimiento de la relaci\u00f3n contigo.<\/p>\n<p>En todo caso, cuando la cesi\u00f3n no sea necesaria para la correcta prestaci\u00f3n del servicio contratado, en los formularios de recogida de datos te informaremos de la finalidad del tratamiento y de la identidad o sectores de actividad de los posibles cesionarios de los datos personales, ofreci\u00e9ndote previamente la posibilidad de aceptar o no esta cesi\u00f3n.<\/p>\n<p>Por otra parte, y en el caso de que fuera necesario el acceso a los datos por parte de terceros para la prestaci\u00f3n de alg\u00fan servicio subcontratado por la SOCIEDAD se suscribir\u00e1n los documentos necesarios.<\/p>\n<p><strong>CONFIDENCIALIDAD<\/strong><br \/>Los datos personales que podamos recabar a trav\u00e9s del Sitio Web o por medio de las distintas comunicaciones que mantengamos contigo ser\u00e1n tratados con confidencialidad, comprometi\u00e9ndonos a guardar secreto respecto de los mismos de acuerdo con lo establecido en la legislaci\u00f3n aplicable.<\/p>\n<p><strong>REGISTRO DE USUARIO Y CONTRASE\u00d1A<\/strong><br \/>Para tener acceso a determinados servicios que se ofrecen ser\u00e1 necesario te proporcionar\u00e1 informaci\u00f3n espec\u00edfica. Deber\u00e1s proporcionar informaci\u00f3n ver\u00eddica, quedando prohibido el uso de alias o medios para ocultar su identidad, con excepci\u00f3n de los casos en que el mismo formulario te solicite de manera expresa la creaci\u00f3n de un nombre de usuario, nick o alias.<br \/>Es indispensable que resguardes en todo momento las contrase\u00f1as y c\u00f3digos de acceso que crees o te sean provistos. Ser\u00e1s el \u00fanico responsable en caso del uso, autorizado o no, de tu cuenta personal, y en este sentido te comprometes a hacer un uso diligente de dicha informaci\u00f3n, a no ponerla a disposici\u00f3n de terceros, y a comunicar su p\u00e9rdida o robo.<\/p>\n<p><strong>EJERCICIO DE DERECHOS<\/strong><br \/>Podr\u00e1s revocar el consentimiento prestado para el tratamiento de tus datos, siempre que tal revocaci\u00f3n sea legalmente posible, y ejercer en cualquier momento tus derechos de acceso, rectificaci\u00f3n, cancelaci\u00f3n y oposici\u00f3n al tratamiento de tus datos de car\u00e1cter personal, mediante el env\u00edo de una notificaci\u00f3n por escrito, adjuntando fotocopia de un documento que acredite tu identidad, a las direcci\u00f3n c\/ Juan Hurtado de Mendoza n\u00ba 9 entreplanta 004 indicando como referencia \u201cProtecci\u00f3n de Datos\u201d.<\/p>\n<p>Para cualquier duda relacionada con la presente Pol\u00edtica de Privacidad, podr\u00e1s ponerte en contacto con la SOCIEDAD a trav\u00e9s de esas mismas direcciones.<\/p>\n<p><strong>ACTUALIZACI\u00d3N<\/strong><br \/>Es posible que se deba actualizar esta Pol\u00edtica de Privacidad; por ello es necesario que revises esta pol\u00edtica peri\u00f3dicamente y si es posible cada vez que accedas al Sitio Web con el objetivo de estar adecuadamente informado sobre el tipo de informaci\u00f3n recopilada y su tratamiento.<br \/>La Pol\u00edtica de Privacidad se actualiz\u00f3 por \u00faltima vez a fecha 30\/12\/2017.<\/p>\n<\/div>\n<\/div>\t\t\t\t\t\t\t\t<\/div>\n\t\t\t\t\t<\/div>\n\t\t\t\t<\/div>\n\t\t\t\t<\/div>\n\t\t","protected":false},"excerpt":{"rendered":"<p>A trav\u00e9s de este documento se regula el tratamiento de los datos personales facilitados por los usuarios, visitantes e interesados en los servicios ofrecidos por este portal (el \u201cSitio Web\u201d). Puedes consultar la informaci\u00f3n relativa a la sociedad que gestiona el Sitio Web (la \u201cSOCIEDAD\u201d) visitando al Aviso Legal que aparece al pie de la [&hellip;]<\/p>\n","protected":false},"author":1,"featured_media":0,"parent":0,"menu_order":0,"comment_status":"closed","ping_status":"closed","template":"","meta":{"footnotes":""},"class_list":["post-3","page","type-page","status-publish","hentry"],"_links":{"self":[{"href":"https:\/\/gestioiuris.com\/index.php\/wp-json\/wp\/v2\/pages\/3","targetHints":{"allow":["GET"]}}],"collection":[{"href":"https:\/\/gestioiuris.com\/index.php\/wp-json\/wp\/v2\/pages"}],"about":[{"href":"https:\/\/gestioiuris.com\/index.php\/wp-json\/wp\/v2\/types\/page"}],"author":[{"embeddable":true,"href":"https:\/\/gestioiuris.com\/index.php\/wp-json\/wp\/v2\/users\/1"}],"replies":[{"embeddable":true,"href":"https:\/\/gestioiuris.com\/index.php\/wp-json\/wp\/v2\/comments?post=3"}],"version-history":[{"count":4,"href":"https:\/\/gestioiuris.com\/index.php\/wp-json\/wp\/v2\/pages\/3\/revisions"}],"predecessor-version":[{"id":205,"href":"https:\/\/gestioiuris.com\/index.php\/wp-json\/wp\/v2\/pages\/3\/revisions\/205"}],"wp:attachment":[{"href":"https:\/\/gestioiuris.com\/index.php\/wp-json\/wp\/v2\/media?parent=3"}],"curies":[{"name":"wp","href":"https:\/\/api.w.org\/{rel}","templated":true}]}}